{"id":94,"date":"2022-07-17T16:29:35","date_gmt":"2022-07-17T14:29:35","guid":{"rendered":"http:\/\/stagemotosport.fr\/?page_id=94"},"modified":"2022-08-15T16:05:12","modified_gmt":"2022-08-15T14:05:12","slug":"location-moto-coaching","status":"publish","type":"page","link":"http:\/\/stagemotosport.fr\/?page_id=94","title":{"rendered":"Location Moto + Coaching sur circuit"},"content":{"rendered":"\n<p class=\"has-medium-font-size\">Vous pouvez louer pour une journ\u00e9e une Honda <strong>CBR-600-RR<\/strong> \u00e9quip\u00e9e et d\u00e9di\u00e9e \u00e0 un usage loisir sur circuit.<\/p>\n\n\n\n<p class=\"has-medium-font-size\">Location seul de la moto <strong>impossible<\/strong>.<\/p>\n\n\n\n<p class=\"has-medium-font-size\">La location inclus un forfait coaching pour la journ\u00e9e <strong>+<\/strong> la mise \u00e0 disposition de la moto <strong>+<\/strong> b\u00e9quilles de stands et couverture chauffante, essence et consommable.<\/p>\n\n\n\n<p class=\"has-medium-font-size\">Tarif unique de <strong><mark style=\"background-color:rgba(0, 0, 0, 0)\" class=\"has-inline-color has-nv-c-2-color\">549 \u20ac<\/mark><\/strong> pour les circuits suivants : Carole, Clastres, Folembray. En dehors de cette liste de circuit, tarif sur devis.<\/p>\n\n\n\n<p class=\"has-nv-text-dark-bg-background-color has-background has-medium-font-size\"><mark style=\"background-color:#ff8080\" class=\"has-inline-color\">Le tarif n&#8217;inclus pas la location du circuit ou la r\u00e9servation de la journ\u00e9e de roulage.<\/mark><\/p>\n\n\n\n<p class=\"has-medium-font-size\"><mark style=\"background-color:#ff8080\" class=\"has-inline-color\">StageMotoSport ne fournit pas l&#8217;\u00e9quipement pilote (casque, combinaison en cuir une ou 2 pi\u00e8ces, bottes, gants, dorsale).<\/mark><\/p>\n\n\n\n<p class=\"has-medium-font-size\">Un ch\u00e8que de caution de 6000 \u20ac sera demand\u00e9 pour la location. La caution ne sera encaiss\u00e9 que si la moto est fortement accident\u00e9e. En cas de petite chutes seule les pi\u00e8ces cass\u00e9es seront factur\u00e9es. Exemple pour une glissade simple : Repose-pied + Levier + Car\u00e9nage 300 \u20ac environ.<\/p>\n\n\n\n<p class=\"has-medium-font-size\"><strong>Pour toute demande de renseignement ou devis rendez-vous \u00e0&nbsp;la rubrique<\/strong>&nbsp;<strong> <a rel=\"noreferrer noopener\" href=\"http:\/\/stagemotosport.fr\/?page_id=7\" data-type=\"URL\" data-id=\"http:\/\/stagemotosport.fr\/?page_id=7\" target=\"_blank\">Contact<\/a><\/strong><\/p>\n\n\n\n<figure class=\"wp-block-image size-large\"><img loading=\"lazy\" decoding=\"async\" width=\"683\" height=\"1024\" src=\"http:\/\/stagemotosport.fr\/wp-content\/uploads\/2022\/07\/CBR-Carole-Francois-Strok-683x1024.jpg\" alt=\"\" class=\"wp-image-51\" srcset=\"http:\/\/stagemotosport.fr\/wp-content\/uploads\/2022\/07\/CBR-Carole-Francois-Strok-683x1024.jpg 683w, http:\/\/stagemotosport.fr\/wp-content\/uploads\/2022\/07\/CBR-Carole-Francois-Strok-200x300.jpg 200w, http:\/\/stagemotosport.fr\/wp-content\/uploads\/2022\/07\/CBR-Carole-Francois-Strok-768x1151.jpg 768w, http:\/\/stagemotosport.fr\/wp-content\/uploads\/2022\/07\/CBR-Carole-Francois-Strok-1025x1536.jpg 1025w, http:\/\/stagemotosport.fr\/wp-content\/uploads\/2022\/07\/CBR-Carole-Francois-Strok.jpg 1162w\" sizes=\"auto, (max-width: 683px) 100vw, 683px\" \/><\/figure>\n\n\n<div class=\"wp-block-site-logo\"><a href=\"http:\/\/stagemotosport.fr\/\" class=\"custom-logo-link\" rel=\"home\"><img loading=\"lazy\" decoding=\"async\" width=\"819\" height=\"166\" src=\"http:\/\/stagemotosport.fr\/wp-content\/uploads\/2022\/07\/cropped-Logo-SMS-text.jpg\" class=\"custom-logo\" alt=\"Stage Moto Sport\" srcset=\"http:\/\/stagemotosport.fr\/wp-content\/uploads\/2022\/07\/cropped-Logo-SMS-text.jpg 1512w, http:\/\/stagemotosport.fr\/wp-content\/uploads\/2022\/07\/cropped-Logo-SMS-text-300x61.jpg 300w, http:\/\/stagemotosport.fr\/wp-content\/uploads\/2022\/07\/cropped-Logo-SMS-text-1024x209.jpg 1024w, http:\/\/stagemotosport.fr\/wp-content\/uploads\/2022\/07\/cropped-Logo-SMS-text-768x156.jpg 768w\" sizes=\"auto, (max-width: 819px) 100vw, 819px\" \/><\/a><\/div>","protected":false},"excerpt":{"rendered":"<p>Vous pouvez louer pour une journ\u00e9e une Honda CBR-600-RR \u00e9quip\u00e9e et d\u00e9di\u00e9e \u00e0 un usage loisir sur circuit. Location seul de la moto impossible. La location inclus un forfait coaching pour la journ\u00e9e + la mise \u00e0 disposition de la moto + b\u00e9quilles de stands et couverture chauffante, essence et consommable. Tarif unique de 549&hellip;&nbsp;<a href=\"http:\/\/stagemotosport.fr\/?page_id=94\" class=\"\" rel=\"bookmark\">Read More &raquo;<span class=\"screen-reader-text\">Location Moto + Coaching sur circuit<\/span><\/a><\/p>\n","protected":false},"author":1,"featured_media":0,"parent":0,"menu_order":0,"comment_status":"closed","ping_status":"closed","template":"","meta":{"neve_meta_sidebar":"","neve_meta_container":"","neve_meta_enable_content_width":"","neve_meta_content_width":0,"neve_meta_title_alignment":"","neve_meta_author_avatar":"","neve_post_elements_order":"","neve_meta_disable_header":"","neve_meta_disable_footer":"","neve_meta_disable_title":"","footnotes":""},"class_list":["post-94","page","type-page","status-publish","hentry"],"_links":{"self":[{"href":"http:\/\/stagemotosport.fr\/index.php?rest_route=\/wp\/v2\/pages\/94","targetHints":{"allow":["GET"]}}],"collection":[{"href":"http:\/\/stagemotosport.fr\/index.php?rest_route=\/wp\/v2\/pages"}],"about":[{"href":"http:\/\/stagemotosport.fr\/index.php?rest_route=\/wp\/v2\/types\/page"}],"author":[{"embeddable":true,"href":"http:\/\/stagemotosport.fr\/index.php?rest_route=\/wp\/v2\/users\/1"}],"replies":[{"embeddable":true,"href":"http:\/\/stagemotosport.fr\/index.php?rest_route=%2Fwp%2Fv2%2Fcomments&post=94"}],"version-history":[{"count":10,"href":"http:\/\/stagemotosport.fr\/index.php?rest_route=\/wp\/v2\/pages\/94\/revisions"}],"predecessor-version":[{"id":188,"href":"http:\/\/stagemotosport.fr\/index.php?rest_route=\/wp\/v2\/pages\/94\/revisions\/188"}],"wp:attachment":[{"href":"http:\/\/stagemotosport.fr\/index.php?rest_route=%2Fwp%2Fv2%2Fmedia&parent=94"}],"curies":[{"name":"wp","href":"https:\/\/api.w.org\/{rel}","templated":true}]}}