{"id":86,"date":"2022-07-17T16:02:04","date_gmt":"2022-07-17T14:02:04","guid":{"rendered":"http:\/\/stagemotosport.fr\/?page_id=86"},"modified":"2022-08-15T16:13:06","modified_gmt":"2022-08-15T14:13:06","slug":"reservation-2","status":"publish","type":"page","link":"http:\/\/stagemotosport.fr\/?page_id=86","title":{"rendered":"R\u00e9servation"},"content":{"rendered":"\n<p class=\"has-medium-font-size\"><strong>StageMotoSport<\/strong> vous accompagne pendant votre journ\u00e9e de roulage sur circuit. Si vous souhaitez r\u00e9server un coaching seul ou en groupe, il vous faudra <strong>effectuer 2 r\u00e9servations<\/strong>. <\/p>\n\n\n\n<p class=\"has-medium-font-size\"><strong>Une r\u00e9servation chez un moto-club<\/strong> qui organise des journ\u00e9es de roulages. Voici un lien vers le site calendrier-piste.fr. Vous y trouverez les dates et clubs qui organisent des roulages sur circuit, ainsi que la possibilit\u00e9 de r\u00e9server votre journ\u00e9e.<\/p>\n\n\n\n<div class=\"wp-block-buttons is-layout-flex wp-block-buttons-is-layout-flex\">\n<div class=\"wp-block-button\"><a class=\"wp-block-button__link\" href=\"https:\/\/www.calendrier-piste.fr\/\" target=\"_blank\" rel=\"noreferrer noopener\">Calendrier-piste.fr<\/a><\/div>\n<\/div>\n\n\n\n<p><\/p>\n\n\n\n<p class=\"has-medium-font-size\"><strong>Une deuxi\u00e8me r\u00e9servation chez StageMotoSport.<\/strong> <\/p>\n\n\n\n<p class=\"has-medium-font-size\"><mark style=\"background-color:#ff8d8d\" class=\"has-inline-color\">Pour des raisons d&#8217;organisation et de disponibilit\u00e9 veuillez prendre contact avec StageMotoSport avant toute r\u00e9servation.<\/mark><\/p>\n\n\n\n<p class=\"has-medium-font-size\">Pour tout <strong>renseignement<\/strong>, <strong>r\u00e9servation<\/strong> ou <strong>devis<\/strong> contact\u00e9 <strong>Stagemotosport<\/strong> en cliquant sur la rubrique <strong><a href=\"http:\/\/stagemotosport.fr\/?page_id=7\" data-type=\"URL\" data-id=\"http:\/\/stagemotosport.fr\/?page_id=7\">contact<\/a> <\/strong><\/p>\n\n\n\n<figure class=\"wp-block-image size-large\"><img loading=\"lazy\" decoding=\"async\" width=\"1024\" height=\"683\" src=\"http:\/\/stagemotosport.fr\/wp-content\/uploads\/2022\/08\/IMG_2506-1024x683.jpg\" alt=\"\" class=\"wp-image-190\" srcset=\"http:\/\/stagemotosport.fr\/wp-content\/uploads\/2022\/08\/IMG_2506-1024x683.jpg 1024w, http:\/\/stagemotosport.fr\/wp-content\/uploads\/2022\/08\/IMG_2506-300x200.jpg 300w, http:\/\/stagemotosport.fr\/wp-content\/uploads\/2022\/08\/IMG_2506-768x512.jpg 768w, http:\/\/stagemotosport.fr\/wp-content\/uploads\/2022\/08\/IMG_2506-1536x1024.jpg 1536w, http:\/\/stagemotosport.fr\/wp-content\/uploads\/2022\/08\/IMG_2506-2048x1365.jpg 2048w, http:\/\/stagemotosport.fr\/wp-content\/uploads\/2022\/08\/IMG_2506-930x620.jpg 930w\" sizes=\"auto, (max-width: 1024px) 100vw, 1024px\" \/><\/figure>\n\n\n<div class=\"aligncenter wp-block-site-logo\"><a href=\"http:\/\/stagemotosport.fr\/\" class=\"custom-logo-link\" rel=\"home\"><img loading=\"lazy\" decoding=\"async\" width=\"848\" height=\"172\" src=\"http:\/\/stagemotosport.fr\/wp-content\/uploads\/2022\/07\/cropped-Logo-SMS-text.jpg\" class=\"custom-logo\" alt=\"Stage Moto Sport\" srcset=\"http:\/\/stagemotosport.fr\/wp-content\/uploads\/2022\/07\/cropped-Logo-SMS-text.jpg 1512w, http:\/\/stagemotosport.fr\/wp-content\/uploads\/2022\/07\/cropped-Logo-SMS-text-300x61.jpg 300w, http:\/\/stagemotosport.fr\/wp-content\/uploads\/2022\/07\/cropped-Logo-SMS-text-1024x209.jpg 1024w, http:\/\/stagemotosport.fr\/wp-content\/uploads\/2022\/07\/cropped-Logo-SMS-text-768x156.jpg 768w\" sizes=\"auto, (max-width: 848px) 100vw, 848px\" \/><\/a><\/div>","protected":false},"excerpt":{"rendered":"<p>StageMotoSport vous accompagne pendant votre journ\u00e9e de roulage sur circuit. Si vous souhaitez r\u00e9server un coaching seul ou en groupe, il vous faudra effectuer 2 r\u00e9servations. Une r\u00e9servation chez un moto-club qui organise des journ\u00e9es de roulages. Voici un lien vers le site calendrier-piste.fr. Vous y trouverez les dates et clubs qui organisent des roulages&hellip;&nbsp;<a href=\"http:\/\/stagemotosport.fr\/?page_id=86\" class=\"\" rel=\"bookmark\">Read More &raquo;<span class=\"screen-reader-text\">R\u00e9servation<\/span><\/a><\/p>\n","protected":false},"author":1,"featured_media":0,"parent":0,"menu_order":0,"comment_status":"closed","ping_status":"closed","template":"","meta":{"neve_meta_sidebar":"","neve_meta_container":"","neve_meta_enable_content_width":"","neve_meta_content_width":0,"neve_meta_title_alignment":"","neve_meta_author_avatar":"","neve_post_elements_order":"","neve_meta_disable_header":"","neve_meta_disable_footer":"","neve_meta_disable_title":"","footnotes":""},"class_list":["post-86","page","type-page","status-publish","hentry"],"_links":{"self":[{"href":"http:\/\/stagemotosport.fr\/index.php?rest_route=\/wp\/v2\/pages\/86","targetHints":{"allow":["GET"]}}],"collection":[{"href":"http:\/\/stagemotosport.fr\/index.php?rest_route=\/wp\/v2\/pages"}],"about":[{"href":"http:\/\/stagemotosport.fr\/index.php?rest_route=\/wp\/v2\/types\/page"}],"author":[{"embeddable":true,"href":"http:\/\/stagemotosport.fr\/index.php?rest_route=\/wp\/v2\/users\/1"}],"replies":[{"embeddable":true,"href":"http:\/\/stagemotosport.fr\/index.php?rest_route=%2Fwp%2Fv2%2Fcomments&post=86"}],"version-history":[{"count":8,"href":"http:\/\/stagemotosport.fr\/index.php?rest_route=\/wp\/v2\/pages\/86\/revisions"}],"predecessor-version":[{"id":192,"href":"http:\/\/stagemotosport.fr\/index.php?rest_route=\/wp\/v2\/pages\/86\/revisions\/192"}],"wp:attachment":[{"href":"http:\/\/stagemotosport.fr\/index.php?rest_route=%2Fwp%2Fv2%2Fmedia&parent=86"}],"curies":[{"name":"wp","href":"https:\/\/api.w.org\/{rel}","templated":true}]}}